{"id":20,"date":"2024-05-22T11:56:03","date_gmt":"2024-05-22T11:56:03","guid":{"rendered":"http:\/\/www.goodies.fi\/?page_id=20"},"modified":"2026-05-04T16:44:17","modified_gmt":"2026-05-04T16:44:17","slug":"futis-2024","status":"publish","type":"page","link":"http:\/\/www.goodies.fi\/index.php\/futis-2024\/","title":{"rendered":"FUTIS 2025"},"content":{"rendered":"\n<figure class=\"wp-block-image size-full is-resized\"><img loading=\"lazy\" decoding=\"async\" width=\"567\" height=\"385\" src=\"http:\/\/www.goodies.fi\/wp-content\/uploads\/2025\/06\/G2025.jpg\" alt=\"\" class=\"wp-image-283\" style=\"width:567px;height:auto\" srcset=\"http:\/\/www.goodies.fi\/wp-content\/uploads\/2025\/06\/G2025.jpg 567w, http:\/\/www.goodies.fi\/wp-content\/uploads\/2025\/06\/G2025-300x204.jpg 300w\" sizes=\"auto, (max-width: 567px) 100vw, 567px\" \/><figcaption class=\"wp-element-caption\">49. Tuotantogausi 2025<\/figcaption><\/figure>\n\n\n\n<p>Ottelut 2025<\/p>\n\n\n\n<p>ti 06.05.25 Pyh\u00e4t\u00f6n<br>234 17:20 Kaukkari &#8211; FC Goodies 2-2 <br>ti 13.05.25 Pyh\u00e4t\u00f6n<br>239 19:40 FC Goodies &#8211; NV T\u00e4hk\u00e4 0-7<br>ti 27.05.25 Pyh\u00e4t\u00f6n<br>245 19:40 King Kongs &#8211; FC Goodies 1-5<br>ti 03.06.25 Pyh\u00e4t\u00f6n<br>246 17:20 FC Goodies &#8211; Assan Ball 2-1<br>ti 10.06.25 Pyh\u00e4t\u00f6n<br>250 18:30 Pallohauet Seniors &#8211; FC Goodies 1-6<br>ti 17.06.25 Pyh\u00e4t\u00f6n<br>253 18:30 FC Goodies &#8211; FC Peluri 4-4<br>ti 24.06.25 Pyh\u00e4t\u00f6n<br>255 17:20 FC Goodies &#8211; Kaukkari 2-3<br><br>Sarjatauon tilanne <em><strong>Pappaliiga -45v.<\/strong><br>NV T\u00e4hk\u00e4                 6   6  0  0    50 &#8211;  6  12<br>FC Peluri                7   5  1  1    56 &#8211; 15  11<br>Kaukkari                 7   4  1  2    23 &#8211; 21   9<br>FC Goodies               7   3  2  2    21 &#8211; 19   8<br>Pallohauet Seniors       7   2  0  5    25 &#8211; 36   4<br>Assan Ball               7   1  0  6    19 &#8211; 43   2<br>King Kongs               7   1  0  6    11 &#8211; 65   2<\/em><\/p>\n\n\n\n<p><br>ti 29.07.25 Pyh\u00e4t\u00f6n<br>260 19:40 NV T\u00e4hk\u00e4 &#8211; FC Goodies 10-3<br><br>ti 12.08.25 Pyh\u00e4t\u00f6n<br>266 19:40 FC Goodies &#8211; King Kongs 3-2<br><br>ti 19.08.25 Pyh\u00e4t\u00f6n<br>267 17:20 Assan Ball &#8211; FC Goodies 1-2<br><br>ti 26.08.25 Pyh\u00e4t\u00f6n<br>271 18:30 FC Goodies &#8211; Pallohauet Seniors 6-2<br><br>ti 02.09.25 Pyh\u00e4t\u00f6n<br>274 18:30 FC Peluri &#8211; FC Goodies 9-0<\/p>\n\n\n\n<p><strong>PRONSSIPELI<\/strong><\/p>\n\n\n\n<p>6.9. Mukkulan Gupla<\/p>\n\n\n\n<p>Kaukkari &#8211; FCG 1-3 &gt;&gt;&gt; <strong>PRONSSIA<\/strong><\/p>\n\n\n\n<p><\/p>\n\n\n\n<p><strong>60V TURNAUS MUKKULAN GUPLA13.9.<\/strong><\/p>\n\n\n\n<p>MESTARUUS PUHTAALLA PELILL\u00c4! EI TAASKAAN YHT\u00c4\u00c4N TAKAISKUMAALIA!<\/p>\n\n\n\n<p><\/p>\n\n\n\n<p><\/p>\n\n\n\n<p><\/p>\n\n\n\n<p><\/p>\n\n\n\n<p><\/p>\n\n\n\n<p><\/p>\n\n\n\n<h2 class=\"wp-block-heading\"><strong>KAUSI 2024:<\/strong><\/h2>\n\n\n\n<p><\/p>\n\n\n\n<p>FC Goodies ti 07.05.24 Pyh\u00e4t\u00f6n<br><strong>17:20 Black Devils &#8211; FC Goodies 1-8<\/strong><\/p>\n\n\n\n<p class=\"has-small-font-size\">mv Tuomo, Ismo 2+0, Raini, Hartsa 0+2 (ottelun Ty\u00e4mies!), Mikko 5+1, Tipi 0+1,<br>Raaga 1+0, Margus 0+1, Jusa<br><br>Fanit: V\u00e4ng\u00e4 &amp; serggu, Sami, Vesgu<strong><br>&#8212;&#8212;&#8212;&#8212;&#8212;&#8212;&#8212;&#8212;&#8212;&#8212;&#8212;<br><br><\/strong>ti 14.05.24 Pyh\u00e4t\u00f6n<br>422 19:40&nbsp;<strong>FC Goodies &#8211; Pallohauet Seniors 2-2 (edelleen tappioitta haukeja vastaan!)<\/strong><\/p>\n\n\n\n<p class=\"has-small-font-size\">mv Tuomo, Petteri 0+1 (&#8221;p\u00e4iv\u00e4n pisin ja korkein&#8221;&#8230; mittanauhapalkinto),<br>Ismo, Raini, Eero, Hartsa 0+1 varoitus, Mikko, Tipi (melkein kent\u00e4ll\u00e4), Pulggis, Raaga 3paikkaa,<br>Margus 2+0 ja melkein kolmas, Jusa C, Jargga<\/p>\n\n\n\n<p class=\"has-small-font-size\"><img loading=\"lazy\" decoding=\"async\" src=\"https:\/\/vanha.goodies.fi\/attachments\/Image\/14.5..jpg?template=generic\" alt=\"\" width=\"600\" height=\"314\"><em>Gatsomossa enn\u00e4tysyleis\u00f6 wanhoja geemiehi\u00e4<\/em><br><em>&#8211; perustajaj\u00e4senet: Punni, V\u00e4ng\u00e4, Masu, Ila<\/em><br><em>&#8211; Jylpy, Vega, Gapa<\/em><\/p>\n\n\n\n<p><\/p>\n\n\n\n<p>ti 28.05.24 Pyh\u00e4t\u00f6n<br>428 19:40 <strong>Kaukkari &#8211; FC Goodies 0-4<\/strong><br><br>mv Tuomo 0+1, Petteri, Raini 2+1 ottelun \u201dkuumin\u201d, palkittiin sytytyspaloilla,<br>Eero, Hartsa 0+2, Mikko 2+0, Tipi ottelun toisiks kuumin, Raaga melkein taas maalasi, Margus pysy hyvin alhaalla<br>Fanit: sergut ja kakkosmokke Sami<\/p>\n\n\n\n<figure class=\"wp-block-image size-large is-resized\"><img loading=\"lazy\" decoding=\"async\" width=\"768\" height=\"1024\" src=\"http:\/\/www.goodies.fi\/wp-content\/uploads\/2024\/05\/IMG_5150-768x1024.jpeg\" alt=\"\" class=\"wp-image-84\" style=\"width:291px;height:auto\" srcset=\"http:\/\/www.goodies.fi\/wp-content\/uploads\/2024\/05\/IMG_5150-768x1024.jpeg 768w, http:\/\/www.goodies.fi\/wp-content\/uploads\/2024\/05\/IMG_5150-225x300.jpeg 225w, http:\/\/www.goodies.fi\/wp-content\/uploads\/2024\/05\/IMG_5150-1152x1536.jpeg 1152w, http:\/\/www.goodies.fi\/wp-content\/uploads\/2024\/05\/IMG_5150-1536x2048.jpeg 1536w, http:\/\/www.goodies.fi\/wp-content\/uploads\/2024\/05\/IMG_5150-scaled.jpeg 1920w\" sizes=\"auto, (max-width: 768px) 100vw, 768px\" \/><\/figure>\n\n\n\n<p>ti 04.06.24 Pyh\u00e4t\u00f6n<br>429 17:20 <strong>FC Goodies &#8211; AssanBallKingKongs 8-0<\/strong><br>mv Tuomo, Petteri, Ismo 1+0, Raini 1+2, Eero, Mikko 2+2, Tipi 0+1, Raaga 1+1, Margus 2+2, Hema 1+0<br>Gatsomo: V\u00e4ng\u00e4<\/p>\n\n\n\n<p>ti 11.06.24 Pyh\u00e4t\u00f6n<br>433 18:30 <strong>Laatuclub FC &#8211; FC Goodies 4-2<\/strong><br><img loading=\"lazy\" decoding=\"async\" width=\"150\" height=\"200\" class=\"wp-image-114\" style=\"width: 150px;\" src=\"http:\/\/www.goodies.fi\/wp-content\/uploads\/2024\/07\/kenu.jpg\" alt=\"\" srcset=\"http:\/\/www.goodies.fi\/wp-content\/uploads\/2024\/07\/kenu.jpg 500w, http:\/\/www.goodies.fi\/wp-content\/uploads\/2024\/07\/kenu-225x300.jpg 225w\" sizes=\"auto, (max-width: 150px) 100vw, 150px\" \/><br><em>Ottelun &#8221;n\u00e4lk\u00e4isin&#8221; l\u00f6ytyi Laadusta&#8230; Kenu teki kaikki 4 maalia ja sai pikanuudelit!<\/em><br>Tuomo mv, Petteri 0+1, Ismo, Raini 1+0, Eero, Hartsa, Mikkko 0+1, Tipi, Pulggis, Raaga 1+0, Jargga, Hema<\/p>\n\n\n\n<p>ti 18.06.24 Pyh\u00e4t\u00f6n<br>436 18:30 <strong>FC Goodies &#8211; FC Peluri 0-5<\/strong><br><img loading=\"lazy\" decoding=\"async\" width=\"150\" height=\"200\" class=\"wp-image-115\" style=\"width: 150px;\" src=\"http:\/\/www.goodies.fi\/wp-content\/uploads\/2024\/07\/miggopensseli.jpg\" alt=\"\" srcset=\"http:\/\/www.goodies.fi\/wp-content\/uploads\/2024\/07\/miggopensseli.jpg 500w, http:\/\/www.goodies.fi\/wp-content\/uploads\/2024\/07\/miggopensseli-225x300.jpg 225w\" sizes=\"auto, (max-width: 150px) 100vw, 150px\" \/> <em>Taggiin tuli, mutta gev\u00e4\u00e4n maalarille, Migolle palginnoksi G-pensseli!<\/em><br>Tuomo mv, Ismo, Raini, Eero, Miggo, Tipi, Raaga, Tegi Voutilainen<br><img loading=\"lazy\" decoding=\"async\" width=\"150\" height=\"200\" class=\"wp-image-116\" style=\"width: 150px;\" src=\"http:\/\/www.goodies.fi\/wp-content\/uploads\/2024\/07\/tegiskuutti.jpg\" alt=\"\" srcset=\"http:\/\/www.goodies.fi\/wp-content\/uploads\/2024\/07\/tegiskuutti.jpg 500w, http:\/\/www.goodies.fi\/wp-content\/uploads\/2024\/07\/tegiskuutti-225x300.jpg 225w\" sizes=\"auto, (max-width: 150px) 100vw, 150px\" \/><br><em>Paikalla oli my\u00f6s uusi vahvistus Tero &#8221;Tege&#8221; Voutilainen ja Wembleyn nopein skuutti<\/em><\/p>\n\n\n\n<p>ti 25.06.24 Pyh\u00e4t\u00f6n<br>438 17:20 <strong>FC Goodies &#8211; Black Devils 7-2<\/strong><br><img loading=\"lazy\" decoding=\"async\" width=\"150\" height=\"334\" class=\"wp-image-118\" style=\"width: 150px;\" src=\"http:\/\/www.goodies.fi\/wp-content\/uploads\/2024\/07\/rainifanit.jpg\" alt=\"\" srcset=\"http:\/\/www.goodies.fi\/wp-content\/uploads\/2024\/07\/rainifanit.jpg 921w, http:\/\/www.goodies.fi\/wp-content\/uploads\/2024\/07\/rainifanit-135x300.jpg 135w, http:\/\/www.goodies.fi\/wp-content\/uploads\/2024\/07\/rainifanit-461x1024.jpg 461w, http:\/\/www.goodies.fi\/wp-content\/uploads\/2024\/07\/rainifanit-768x1708.jpg 768w, http:\/\/www.goodies.fi\/wp-content\/uploads\/2024\/07\/rainifanit-691x1536.jpg 691w\" sizes=\"auto, (max-width: 150px) 100vw, 150px\" \/><br><em>Mahtavaa tygityst\u00e4 Ranilta, 4 gassia<\/em> ja ainagin kolme fania!<br>Tuomo mv, Petteri, Raini 4+0, Miggo 1+3, Tipi, Pulggis 0+2, Raaga, Margus 2+0, Jusa, Jargga, Jyg\u00e4, Eero<br><a href=\"https:\/\/www.kortteliliiga.net\/lajit\/jalkapallo\/alkusarjat\/pappaliiga.html\" data-type=\"link\" data-id=\"https:\/\/www.kortteliliiga.net\/lajit\/jalkapallo\/alkusarjat\/pappaliiga.html\"><br>Sarjatauolle menn\u00e4\u00e4n sijalla 3<\/a><\/p>\n\n\n\n<pre class=\"wp-block-preformatted\"><\/pre>\n\n\n\n<pre class=\"wp-block-preformatted\"><br>------------------------------<br><br><strong>GES\u00c4TAUGO<\/strong><br><br>ti 23.07.24 Pyh\u00e4t\u00f6n<br>19:40 <strong>Pallohauet Seniors - FC Goodies 0-5<\/strong><br>Luovutusvoitto. Edelleenk\u00e4\u00e4n ei olla h\u00e4vitty kalamiehille goskaan milloingaan!<\/pre>\n\n\n\n<p>ti 06.08.24 Pyh\u00e4t\u00f6n<br>19:40 <strong>FC Goodies &#8211; Kaukkari 2-1<\/strong><br>Tuomo mv, Petteri, Ismo, Eero, Miggo 0+1, Tipi, Pulggis, <strong>Raaga 2+0<\/strong>, Margus 0+1<\/p>\n\n\n\n<p>ti 13.08.24 Pyh\u00e4t\u00f6n <strong>AssanBallKingKongs &#8211; FC Goodies 0-8<\/strong><br><img loading=\"lazy\" decoding=\"async\" width=\"222\" height=\"154\" class=\"wp-image-166\" style=\"width: 222px;\" src=\"http:\/\/www.goodies.fi\/wp-content\/uploads\/2024\/08\/130824.jpg\" alt=\"\" srcset=\"http:\/\/www.goodies.fi\/wp-content\/uploads\/2024\/08\/130824.jpg 500w, http:\/\/www.goodies.fi\/wp-content\/uploads\/2024\/08\/130824-300x208.jpg 300w\" sizes=\"auto, (max-width: 222px) 100vw, 222px\" \/><br><img loading=\"lazy\" decoding=\"async\" width=\"222\" height=\"321\" class=\"wp-image-167\" style=\"width: 222px;\" src=\"http:\/\/www.goodies.fi\/wp-content\/uploads\/2024\/08\/kukat0824.jpg\" alt=\"\" srcset=\"http:\/\/www.goodies.fi\/wp-content\/uploads\/2024\/08\/kukat0824.jpg 500w, http:\/\/www.goodies.fi\/wp-content\/uploads\/2024\/08\/kukat0824-208x300.jpg 208w\" sizes=\"auto, (max-width: 222px) 100vw, 222px\" \/> <em>Hemmil\u00e4n perikunta nurin 8-0. &nbsp;Ennen peli\u00e4 gukitettiin Reippaan M55 paigalla olleet hopeapojat Hema ja Miggo. &nbsp;(Kukat oli &nbsp;v\u00e4h\u00e4n nyyg\u00e4ht\u00e4neet koska olivat j\u00e4\u00e4neet yli olympiajoukkueen mitalijuhlista)<\/em><br><br>mv Tuomo, Petteri, Ismo, Eero, Miggo 2+0, Tipi 0+1, Raaga 2+0, Margus 1+4, Jusa 2+0, Hema 0+2, Jargga. Vastustaja teki 1 oman maalin<\/p>\n\n\n\n<p>ti 20.08.24 Pyh\u00e4t\u00f6n <strong>FC Goodies &#8211; Laatuclub FC 0-1<\/strong><br><img loading=\"lazy\" decoding=\"async\" width=\"150\" height=\"183\" class=\"wp-image-174\" style=\"width: 150px;\" src=\"http:\/\/www.goodies.fi\/wp-content\/uploads\/2024\/08\/eeropuolukka.jpg\" alt=\"\" srcset=\"http:\/\/www.goodies.fi\/wp-content\/uploads\/2024\/08\/eeropuolukka.jpg 500w, http:\/\/www.goodies.fi\/wp-content\/uploads\/2024\/08\/eeropuolukka-245x300.jpg 245w\" sizes=\"auto, (max-width: 150px) 100vw, 150px\" \/> <em>&#8221;Py\u00f6ri guin puolugga Pyh\u00e4tt\u00f6m\u00e4ll\u00e4&#8221; luomupuolukkapalginnon poggasi punakenk\u00e4inen Eeeeroo!<\/em><\/p>\n\n\n\n<p>mv Tuomo, Petteri, Ismo, Raini, Eero, Miggo, Tipi, Raaga, Margus, Hema, Jargga<\/p>\n\n\n\n<p><\/p>\n\n\n\n<p>ti 27.08.24 Pyh\u00e4t\u00f6n<br><strong>FC Peluri &#8211; FC Goodies 2-2<\/strong><br>mv Tuomo, Petteri, Ismo 1+0, Raini 0+1, Hartsa 1+0, Tipi, Raaga, Margus, Jusa, Hema<br><br><strong>Pronssimatsi<\/strong> la 7.9. Mukkulan gupla klo 13<br><strong>FC Goodies-Kaukkari 2-7<\/strong><br>mv Tuomo, Ismo (varoitus), Eero, Tipi, Pulggis, Jsua, Hema 2+0, Jarggagatsomossa: JPG, D, Sergut, Margus<br><img loading=\"lazy\" decoding=\"async\" width=\"150555\" height=\"113029\" class=\"wp-image-208\" style=\"width: 150555px;\" src=\"http:\/\/www.goodies.fi\/wp-content\/uploads\/2024\/09\/pappagee4.jpg\" alt=\"\" srcset=\"http:\/\/www.goodies.fi\/wp-content\/uploads\/2024\/09\/pappagee4.jpg 666w, http:\/\/www.goodies.fi\/wp-content\/uploads\/2024\/09\/pappagee4-300x225.jpg 300w\" sizes=\"auto, (max-width: 150555px) 100vw, 150555px\" \/><\/p>\n\n\n\n<p><img loading=\"lazy\" decoding=\"async\" width=\"333\" height=\"386\" class=\"wp-image-207\" style=\"width: 333px;\" src=\"http:\/\/www.goodies.fi\/wp-content\/uploads\/2024\/09\/tuomo.jpg\" alt=\"\" srcset=\"http:\/\/www.goodies.fi\/wp-content\/uploads\/2024\/09\/tuomo.jpg 555w, http:\/\/www.goodies.fi\/wp-content\/uploads\/2024\/09\/tuomo-259x300.jpg 259w\" sizes=\"auto, (max-width: 333px) 100vw, 333px\" \/> <em>Tuomo&#8230;kympin arvoinen suoritus&#8230; 10 tikkua laudalla!<\/em><br><br>&#8212;&#8212;&#8212;&#8211;<br><strong><em><mark style=\"background-color:#a5d9fd\" class=\"has-inline-color\">LA 14.9.24 SENIORIT 60V (1964 tai aikaisemmin syntyneet)<\/mark><br>FUTISTURNAUS, MUGGULAN VALEHEIN\u00c4 (TEGONURMI)<br>tulollaan tai ainakin aikoo:<br><\/em><\/strong><em><strong>&#8211; Dee, V\u00e4isgi, Raaga, Gapa, Tipi, Jusa, Vesgu, GoskisGari, Kumpulaisen Antti, Gapa, Jyg\u00e4, Hema<\/strong><\/em><\/p>\n\n\n\n<p>Kaksinkertainen, suora sarja:<br>10.00 Kingkongs &#8211; FCG 0-2<br>10.20 FCG &#8211; Gremo 2-0<br>11.00 FCG &#8211; Kingkongs 6-0<br>11.20 Gremo- FCG 0-2<br><br>MESTARIT!!<\/p>\n\n\n\n<p class=\"has-text-align-center\"><img loading=\"lazy\" decoding=\"async\" width=\"600\" height=\"450\" class=\"wp-image-220\" style=\"width: 600px;\" src=\"http:\/\/www.goodies.fi\/wp-content\/uploads\/2024\/10\/mestaritG.jpg\" alt=\"\" srcset=\"http:\/\/www.goodies.fi\/wp-content\/uploads\/2024\/10\/mestaritG.jpg 600w, http:\/\/www.goodies.fi\/wp-content\/uploads\/2024\/10\/mestaritG-300x225.jpg 300w\" sizes=\"auto, (max-width: 600px) 100vw, 600px\" \/><\/p>\n\n\n\n<figure class=\"wp-block-image size-full is-resized\"><img loading=\"lazy\" decoding=\"async\" width=\"600\" height=\"286\" src=\"http:\/\/www.goodies.fi\/wp-content\/uploads\/2024\/10\/g3.jpg\" alt=\"\" class=\"wp-image-219\" style=\"width:620px;height:auto\" srcset=\"http:\/\/www.goodies.fi\/wp-content\/uploads\/2024\/10\/g3.jpg 600w, http:\/\/www.goodies.fi\/wp-content\/uploads\/2024\/10\/g3-300x143.jpg 300w\" sizes=\"auto, (max-width: 600px) 100vw, 600px\" \/><\/figure>\n\n\n\n<div class=\"wp-block-group has-global-padding is-layout-constrained wp-block-group-is-layout-constrained\">\n<p><img loading=\"lazy\" decoding=\"async\" width=\"600\" height=\"360\" class=\"wp-image-218\" style=\"width: 600px;\" src=\"http:\/\/www.goodies.fi\/wp-content\/uploads\/2024\/10\/g2.jpg\" alt=\"\" srcset=\"http:\/\/www.goodies.fi\/wp-content\/uploads\/2024\/10\/g2.jpg 600w, http:\/\/www.goodies.fi\/wp-content\/uploads\/2024\/10\/g2-300x180.jpg 300w\" sizes=\"auto, (max-width: 600px) 100vw, 600px\" \/><br><img loading=\"lazy\" decoding=\"async\" width=\"600\" height=\"430\" class=\"wp-image-217\" style=\"width: 600px;\" src=\"http:\/\/www.goodies.fi\/wp-content\/uploads\/2024\/10\/g.jpg\" alt=\"\" srcset=\"http:\/\/www.goodies.fi\/wp-content\/uploads\/2024\/10\/g.jpg 600w, http:\/\/www.goodies.fi\/wp-content\/uploads\/2024\/10\/g-300x215.jpg 300w\" sizes=\"auto, (max-width: 600px) 100vw, 600px\" \/><br>Pelataan pienjoukkuein 1+6. Peliaika 1 x 20 min.<\/p>\n\n\n\n<p>Turnausmaksu&nbsp;<strong>0 euroa, yhteisty\u00f6kumppani WestStar tarjoaa turnauksen joukkueille!.&nbsp;<\/strong>Erotuomarin matkakulukorvaus 5 euroa \/ ottelu.<\/p>\n\n\n\n<p>&#8212;&#8212;&#8212;&#8212;&#8212;&#8212;&#8212;&#8212;&#8212;<br><strong>Syyseminaari 2024<\/strong><br>12 Geemiest\u00e4 oli GoGoontunut Energihallille 26.10.<\/p>\n<\/div>\n\n\n\n<figure class=\"wp-block-table\"><table class=\"has-fixed-layout\"><tbody><tr><td>Quatrogames Koris-Flipu-Darts-Putti<sub><img loading=\"lazy\" decoding=\"async\" width=\"400\" height=\"300\" class=\"wp-image-251\" style=\"width: 400px;\" src=\"http:\/\/www.goodies.fi\/wp-content\/uploads\/2024\/10\/IMG_7200.jpeg\" alt=\"\" srcset=\"http:\/\/www.goodies.fi\/wp-content\/uploads\/2024\/10\/IMG_7200.jpeg 500w, http:\/\/www.goodies.fi\/wp-content\/uploads\/2024\/10\/IMG_7200-300x225.jpeg 300w\" sizes=\"auto, (max-width: 400px) 100vw, 400px\" \/><\/sub><\/td><td><img loading=\"lazy\" decoding=\"async\" width=\"300\" height=\"400\" class=\"wp-image-255\" style=\"width: 300px;\" src=\"http:\/\/www.goodies.fi\/wp-content\/uploads\/2024\/10\/IMG_7208.jpeg\" alt=\"\" srcset=\"http:\/\/www.goodies.fi\/wp-content\/uploads\/2024\/10\/IMG_7208.jpeg 500w, http:\/\/www.goodies.fi\/wp-content\/uploads\/2024\/10\/IMG_7208-225x300.jpeg 225w\" sizes=\"auto, (max-width: 300px) 100vw, 300px\" \/><\/td><\/tr><tr><td><img loading=\"lazy\" decoding=\"async\" width=\"400\" height=\"300\" class=\"wp-image-256\" style=\"width: 400px;\" src=\"http:\/\/www.goodies.fi\/wp-content\/uploads\/2024\/10\/IMG_7209.jpeg\" alt=\"\" srcset=\"http:\/\/www.goodies.fi\/wp-content\/uploads\/2024\/10\/IMG_7209.jpeg 500w, http:\/\/www.goodies.fi\/wp-content\/uploads\/2024\/10\/IMG_7209-300x225.jpeg 300w\" sizes=\"auto, (max-width: 400px) 100vw, 400px\" \/><\/td><td><img loading=\"lazy\" decoding=\"async\" width=\"150300\" height=\"200500\" class=\"wp-image-254\" style=\"width: 150300px;\" src=\"http:\/\/www.goodies.fi\/wp-content\/uploads\/2024\/10\/IMG_7203.jpeg\" alt=\"\" srcset=\"http:\/\/www.goodies.fi\/wp-content\/uploads\/2024\/10\/IMG_7203.jpeg 500w, http:\/\/www.goodies.fi\/wp-content\/uploads\/2024\/10\/IMG_7203-225x300.jpeg 225w\" sizes=\"auto, (max-width: 150300px) 100vw, 150300px\" \/><\/td><\/tr><tr><td><img loading=\"lazy\" decoding=\"async\" width=\"300\" height=\"400\" class=\"wp-image-253\" style=\"width: 300px;\" src=\"http:\/\/www.goodies.fi\/wp-content\/uploads\/2024\/10\/IMG_7202.jpeg\" alt=\"\" srcset=\"http:\/\/www.goodies.fi\/wp-content\/uploads\/2024\/10\/IMG_7202.jpeg 500w, http:\/\/www.goodies.fi\/wp-content\/uploads\/2024\/10\/IMG_7202-225x300.jpeg 225w\" sizes=\"auto, (max-width: 300px) 100vw, 300px\" \/><\/td><td><img loading=\"lazy\" decoding=\"async\" width=\"300\" height=\"236\" class=\"wp-image-252\" style=\"width: 300px;\" src=\"http:\/\/www.goodies.fi\/wp-content\/uploads\/2024\/10\/IMG_7199.jpeg\" alt=\"\" srcset=\"http:\/\/www.goodies.fi\/wp-content\/uploads\/2024\/10\/IMG_7199.jpeg 500w, http:\/\/www.goodies.fi\/wp-content\/uploads\/2024\/10\/IMG_7199-300x236.jpeg 300w\" sizes=\"auto, (max-width: 300px) 100vw, 300px\" \/><\/td><\/tr><tr><td>Hollolan-Sergun ja kaupungilta ostetun exelin my\u00f6t\u00e4 targistuslasgennassa <strong>Quatromestariksi leivottiin Samiiiii!!<\/strong> <img loading=\"lazy\" decoding=\"async\" width=\"300\" height=\"347\" class=\"wp-image-257\" style=\"width: 300px;\" src=\"http:\/\/www.goodies.fi\/wp-content\/uploads\/2024\/10\/IMG_7214.jpeg\" alt=\"\" srcset=\"http:\/\/www.goodies.fi\/wp-content\/uploads\/2024\/10\/IMG_7214.jpeg 500w, http:\/\/www.goodies.fi\/wp-content\/uploads\/2024\/10\/IMG_7214-260x300.jpeg 260w\" sizes=\"auto, (max-width: 300px) 100vw, 300px\" \/><\/td><td>Tipille annettiin vuosien s\u00e4b\u00e4 ja futis <strong>vet\u00e4j\u00e4kiitoksena<\/strong> Gonjaakkia. <img loading=\"lazy\" decoding=\"async\" width=\"300\" height=\"415\" class=\"wp-image-261\" style=\"width: 300px;\" src=\"http:\/\/www.goodies.fi\/wp-content\/uploads\/2024\/10\/IMG_7219.jpeg\" alt=\"\" srcset=\"http:\/\/www.goodies.fi\/wp-content\/uploads\/2024\/10\/IMG_7219.jpeg 500w, http:\/\/www.goodies.fi\/wp-content\/uploads\/2024\/10\/IMG_7219-217x300.jpeg 217w\" sizes=\"auto, (max-width: 300px) 100vw, 300px\" \/><\/td><\/tr><tr><td>Sitten sy\u00f6tiin&#8230;.<img loading=\"lazy\" decoding=\"async\" width=\"300\" height=\"195\" class=\"wp-image-258\" style=\"width: 300px;\" src=\"http:\/\/www.goodies.fi\/wp-content\/uploads\/2024\/10\/IMG_7216.jpeg\" alt=\"\" srcset=\"http:\/\/www.goodies.fi\/wp-content\/uploads\/2024\/10\/IMG_7216.jpeg 500w, http:\/\/www.goodies.fi\/wp-content\/uploads\/2024\/10\/IMG_7216-300x195.jpeg 300w\" sizes=\"auto, (max-width: 300px) 100vw, 300px\" \/><\/td><td>Sisupuukot futiskaudessta T<strong>uomolle (ei ollut paikalla), Hemalle ja Hartsalle<\/strong><img loading=\"lazy\" decoding=\"async\" width=\"300\" height=\"278\" class=\"wp-image-260\" style=\"width: 300px;\" src=\"http:\/\/www.goodies.fi\/wp-content\/uploads\/2024\/10\/IMG_7218.jpeg\" alt=\"\" srcset=\"http:\/\/www.goodies.fi\/wp-content\/uploads\/2024\/10\/IMG_7218.jpeg 500w, http:\/\/www.goodies.fi\/wp-content\/uploads\/2024\/10\/IMG_7218-300x278.jpeg 300w\" sizes=\"auto, (max-width: 300px) 100vw, 300px\" \/><\/td><\/tr><tr><td><img loading=\"lazy\" decoding=\"async\" width=\"300\" height=\"286\" class=\"wp-image-259\" style=\"width: 300px;\" src=\"http:\/\/www.goodies.fi\/wp-content\/uploads\/2024\/10\/IMG_7217.jpeg\" alt=\"\" srcset=\"http:\/\/www.goodies.fi\/wp-content\/uploads\/2024\/10\/IMG_7217.jpeg 500w, http:\/\/www.goodies.fi\/wp-content\/uploads\/2024\/10\/IMG_7217-300x286.jpeg 300w\" sizes=\"auto, (max-width: 300px) 100vw, 300px\" \/><\/td><td><strong>Vuoden futariksi<\/strong> valittiin suljetulla lippu\u00e4\u00e4nestyksell\u00e4 my\u00f6s <strong>Tuomo<\/strong>.<em>(Raini olisi voittanut jos olisi \u00e4\u00e4nest\u00e4nyt itte\u00e4\u00e4n.. pyyd\u00e4 enskerralla neuvoja VGlt\u00e4)<\/em><\/td><\/tr><tr><td>Mahtiaarpaajaasteen tuplauusasuiden, mittavirheiden ja sopupelin  j\u00e4lkeen podiumilla <br><strong>1. Hema, 2. JP, 3.Raini<\/strong><img loading=\"lazy\" decoding=\"async\" width=\"300\" height=\"208\" class=\"wp-image-262\" style=\"width: 300px;\" src=\"http:\/\/www.goodies.fi\/wp-content\/uploads\/2024\/10\/IMG_7220.jpeg\" alt=\"\" srcset=\"http:\/\/www.goodies.fi\/wp-content\/uploads\/2024\/10\/IMG_7220.jpeg 500w, http:\/\/www.goodies.fi\/wp-content\/uploads\/2024\/10\/IMG_7220-300x208.jpeg 300w\" sizes=\"auto, (max-width: 300px) 100vw, 300px\" \/><\/td><td>Arpaaajaasten j\u00e4lkeen ilmeist\u00e4 voi lukea tyytyv\u00e4isyysasteen.. <strong>Gapalle <\/strong>tuli taas paritgin mitat, <strong>Jyg\u00e4gin<\/strong> p\u00e4\u00e4see mittailemaan (EVVK), <br><strong>Tipi<\/strong> voi ostaa nyt l\u00e4pp\u00e4rilaugguun sopivan l\u00e4pp\u00e4rin.<br><em>(One size, fituttaa gaikkia&#8230;)<\/em><img loading=\"lazy\" decoding=\"async\" width=\"300\" height=\"203\" class=\"wp-image-263\" style=\"width: 300px;\" src=\"http:\/\/www.goodies.fi\/wp-content\/uploads\/2024\/10\/IMG_7221.jpeg\" alt=\"\" srcset=\"http:\/\/www.goodies.fi\/wp-content\/uploads\/2024\/10\/IMG_7221.jpeg 500w, http:\/\/www.goodies.fi\/wp-content\/uploads\/2024\/10\/IMG_7221-300x203.jpeg 300w\" sizes=\"auto, (max-width: 300px) 100vw, 300px\" \/><\/td><\/tr><tr><td><\/td><td><\/td><\/tr><\/tbody><\/table><\/figure>\n","protected":false},"excerpt":{"rendered":"<p>Ottelut 2025 ti 06.05.25 Pyh\u00e4t\u00f6n234 17:20 Kaukkari &#8211; FC Goodies 2-2 ti 13.05.25 Pyh\u00e4t\u00f6n239 19:40 FC Goodies &#8211; NV T\u00e4hk\u00e4 0-7ti 27.05.25 Pyh\u00e4t\u00f6n245 19:40 King Kongs &#8211; FC Goodies 1-5ti 03.06.25 Pyh\u00e4t\u00f6n246 17:20 FC Goodies &#8211; Assan Ball 2-1ti 10.06.25 Pyh\u00e4t\u00f6n250 18:30 Pallohauet Seniors &#8211; FC Goodies 1-6ti 17.06.25 Pyh\u00e4t\u00f6n253 18:30 FC Goodies &#8211; FC [&hellip;]<\/p>\n","protected":false},"author":1,"featured_media":22,"parent":0,"menu_order":0,"comment_status":"closed","ping_status":"closed","template":"","meta":{"footnotes":""},"class_list":["post-20","page","type-page","status-publish","has-post-thumbnail","hentry"],"_links":{"self":[{"href":"http:\/\/www.goodies.fi\/index.php\/wp-json\/wp\/v2\/pages\/20","targetHints":{"allow":["GET"]}}],"collection":[{"href":"http:\/\/www.goodies.fi\/index.php\/wp-json\/wp\/v2\/pages"}],"about":[{"href":"http:\/\/www.goodies.fi\/index.php\/wp-json\/wp\/v2\/types\/page"}],"author":[{"embeddable":true,"href":"http:\/\/www.goodies.fi\/index.php\/wp-json\/wp\/v2\/users\/1"}],"replies":[{"embeddable":true,"href":"http:\/\/www.goodies.fi\/index.php\/wp-json\/wp\/v2\/comments?post=20"}],"version-history":[{"count":44,"href":"http:\/\/www.goodies.fi\/index.php\/wp-json\/wp\/v2\/pages\/20\/revisions"}],"predecessor-version":[{"id":351,"href":"http:\/\/www.goodies.fi\/index.php\/wp-json\/wp\/v2\/pages\/20\/revisions\/351"}],"wp:featuredmedia":[{"embeddable":true,"href":"http:\/\/www.goodies.fi\/index.php\/wp-json\/wp\/v2\/media\/22"}],"wp:attachment":[{"href":"http:\/\/www.goodies.fi\/index.php\/wp-json\/wp\/v2\/media?parent=20"}],"curies":[{"name":"wp","href":"https:\/\/api.w.org\/{rel}","templated":true}]}}