{"id":27,"date":"2024-05-22T12:09:07","date_gmt":"2024-05-22T12:09:07","guid":{"rendered":"http:\/\/www.goodies.fi\/?page_id=27"},"modified":"2024-10-08T10:06:34","modified_gmt":"2024-10-08T10:06:34","slug":"glof-2024","status":"publish","type":"page","link":"http:\/\/www.goodies.fi\/index.php\/glof-2024\/","title":{"rendered":"GLOF 2024"},"content":{"rendered":"\n<figure class=\"wp-block-image size-full\"><img loading=\"lazy\" decoding=\"async\" width=\"1000\" height=\"661\" src=\"https:\/\/www.goodies.fi\/wp-content\/uploads\/2024\/06\/vayla-1.jpg\" alt=\"\" class=\"wp-image-98\" srcset=\"http:\/\/www.goodies.fi\/wp-content\/uploads\/2024\/06\/vayla-1.jpg 1000w, http:\/\/www.goodies.fi\/wp-content\/uploads\/2024\/06\/vayla-1-300x198.jpg 300w, http:\/\/www.goodies.fi\/wp-content\/uploads\/2024\/06\/vayla-1-768x508.jpg 768w\" sizes=\"auto, (max-width: 1000px) 100vw, 1000px\" \/><figcaption class=\"wp-element-caption\">Tahkolta 2024<\/figcaption><\/figure>\n\n\n\n<p><strong>GOODIES GLOFMESTARUUSGISAT Taggula Mestari 18r su 8.9.  <\/strong><br><img loading=\"lazy\" decoding=\"async\" width=\"666\" height=\"500\" class=\"wp-image-186\" style=\"width: 666px;\" src=\"http:\/\/www.goodies.fi\/wp-content\/uploads\/2024\/09\/IMG_6529.jpg\" alt=\"\" srcset=\"http:\/\/www.goodies.fi\/wp-content\/uploads\/2024\/09\/IMG_6529.jpg 888w, http:\/\/www.goodies.fi\/wp-content\/uploads\/2024\/09\/IMG_6529-300x225.jpg 300w, http:\/\/www.goodies.fi\/wp-content\/uploads\/2024\/09\/IMG_6529-768x576.jpg 768w\" sizes=\"auto, (max-width: 666px) 100vw, 666px\" \/><br><img loading=\"lazy\" decoding=\"async\" width=\"150666\" height=\"113000\" class=\"wp-image-187\" style=\"width: 150666px;\" src=\"http:\/\/www.goodies.fi\/wp-content\/uploads\/2024\/09\/IMG_6536.jpg\" alt=\"\" srcset=\"http:\/\/www.goodies.fi\/wp-content\/uploads\/2024\/09\/IMG_6536.jpg 888w, http:\/\/www.goodies.fi\/wp-content\/uploads\/2024\/09\/IMG_6536-300x225.jpg 300w, http:\/\/www.goodies.fi\/wp-content\/uploads\/2024\/09\/IMG_6536-768x576.jpg 768w\" sizes=\"auto, (max-width: 150666px) 100vw, 150666px\" \/><br><em>T\u00e4ss\u00e4 vaiheessa viel\u00e4 auringo paistoi gaikille&#8230;<br><br>&#8230;Gisan j\u00e4lkeen paistoi ainaGin mestareille!<\/em><br><img loading=\"lazy\" decoding=\"async\" width=\"333\" height=\"466\" class=\"wp-image-197\" style=\"width: 333px;\" src=\"http:\/\/www.goodies.fi\/wp-content\/uploads\/2024\/09\/IMG_6550.jpg\" alt=\"\" srcset=\"http:\/\/www.goodies.fi\/wp-content\/uploads\/2024\/09\/IMG_6550.jpg 666w, http:\/\/www.goodies.fi\/wp-content\/uploads\/2024\/09\/IMG_6550-215x300.jpg 215w\" sizes=\"auto, (max-width: 333px) 100vw, 333px\" \/><strong><em><br>Ly\u00f6ntipeli skr\u00e4ts<\/em><\/strong><\/p>\n\n\n\n<p><strong>Tero 87<\/strong><br>Jylpy 88<br>Jyg\u00e4 89<br>Gapa 92<br>Vesku 93<br>Ila 94<br>Punni 95<br>V\u00e4iski 96<br>Hartsa 99<br>Pena 100<br>Masu 118<br>Japu 122<br>Eero 134<br>Seppo ei tulosta<\/p>\n\n\n\n<p><strong><em>Pistebogey<\/em><\/strong><\/p>\n\n\n\n<p><strong>Jylpy 37<\/strong><br>Vesku 36<br>Pena 35<br>Gapa 33<br>V\u00e4iski 31 &amp; Jyg\u00e4 31<br>Tero 29 &amp; Ila 29 &amp; Masu 29<br>Punni 28<br>Japu 26<br>Hartsa 25<br>Seppo 24<br>Eero 16<br><img loading=\"lazy\" decoding=\"async\" width=\"333\" height=\"275\" class=\"wp-image-193\" style=\"width: 333px;\" src=\"http:\/\/www.goodies.fi\/wp-content\/uploads\/2024\/09\/IMG_6543.jpg\" alt=\"\" srcset=\"http:\/\/www.goodies.fi\/wp-content\/uploads\/2024\/09\/IMG_6543.jpg 444w, http:\/\/www.goodies.fi\/wp-content\/uploads\/2024\/09\/IMG_6543-300x247.jpg 300w\" sizes=\"auto, (max-width: 333px) 100vw, 333px\" \/> T\u00e4st\u00e4 l\u00e4htee&#8230;<img loading=\"lazy\" decoding=\"async\" width=\"333\" height=\"279\" class=\"wp-image-194\" style=\"width: 333px;\" src=\"http:\/\/www.goodies.fi\/wp-content\/uploads\/2024\/09\/IMG_6544.jpg\" alt=\"\" srcset=\"http:\/\/www.goodies.fi\/wp-content\/uploads\/2024\/09\/IMG_6544.jpg 888w, http:\/\/www.goodies.fi\/wp-content\/uploads\/2024\/09\/IMG_6544-300x251.jpg 300w, http:\/\/www.goodies.fi\/wp-content\/uploads\/2024\/09\/IMG_6544-768x643.jpg 768w\" sizes=\"auto, (max-width: 333px) 100vw, 333px\" \/> <\/p>\n\n\n\n<figure class=\"wp-block-table\"><table class=\"has-fixed-layout\"><tbody><tr><td><img loading=\"lazy\" decoding=\"async\" width=\"333\" height=\"304\" class=\"wp-image-192\" style=\"width: 333px;\" src=\"http:\/\/www.goodies.fi\/wp-content\/uploads\/2024\/09\/IMG_6542.jpg\" alt=\"\" srcset=\"http:\/\/www.goodies.fi\/wp-content\/uploads\/2024\/09\/IMG_6542.jpg 444w, http:\/\/www.goodies.fi\/wp-content\/uploads\/2024\/09\/IMG_6542-300x274.jpg 300w\" sizes=\"auto, (max-width: 333px) 100vw, 333px\" \/><br><em>&#8221;Jos pit\u00e4\u00e4 draiveria n\u00e4in, gui pitg\u00e4\u00e4n lent\u00e4\u00e4?<\/em><\/td><td><img loading=\"lazy\" decoding=\"async\" width=\"333\" height=\"324\" class=\"wp-image-190\" style=\"width: 333px;\" src=\"http:\/\/www.goodies.fi\/wp-content\/uploads\/2024\/09\/IMG_6540.jpg\" alt=\"\" srcset=\"http:\/\/www.goodies.fi\/wp-content\/uploads\/2024\/09\/IMG_6540.jpg 444w, http:\/\/www.goodies.fi\/wp-content\/uploads\/2024\/09\/IMG_6540-300x292.jpg 300w\" sizes=\"auto, (max-width: 333px) 100vw, 333px\" \/><\/td><\/tr><tr><td><img loading=\"lazy\" decoding=\"async\" width=\"333\" height=\"239\" class=\"wp-image-191\" style=\"width: 333px;\" src=\"http:\/\/www.goodies.fi\/wp-content\/uploads\/2024\/09\/IMG_6541-scaled.jpg\" alt=\"\" srcset=\"http:\/\/www.goodies.fi\/wp-content\/uploads\/2024\/09\/IMG_6541-scaled.jpg 2560w, http:\/\/www.goodies.fi\/wp-content\/uploads\/2024\/09\/IMG_6541-300x216.jpg 300w, http:\/\/www.goodies.fi\/wp-content\/uploads\/2024\/09\/IMG_6541-1024x736.jpg 1024w, http:\/\/www.goodies.fi\/wp-content\/uploads\/2024\/09\/IMG_6541-768x552.jpg 768w, http:\/\/www.goodies.fi\/wp-content\/uploads\/2024\/09\/IMG_6541-1536x1104.jpg 1536w, http:\/\/www.goodies.fi\/wp-content\/uploads\/2024\/09\/IMG_6541-2048x1472.jpg 2048w\" sizes=\"auto, (max-width: 333px) 100vw, 333px\" \/><br>Gapa! Paljon gello?<\/td><td><img loading=\"lazy\" decoding=\"async\" width=\"333\" height=\"139\" class=\"wp-image-189\" style=\"width: 333px;\" src=\"http:\/\/www.goodies.fi\/wp-content\/uploads\/2024\/09\/IMG_6539.jpg\" alt=\"\" srcset=\"http:\/\/www.goodies.fi\/wp-content\/uploads\/2024\/09\/IMG_6539.jpg 888w, http:\/\/www.goodies.fi\/wp-content\/uploads\/2024\/09\/IMG_6539-300x125.jpg 300w, http:\/\/www.goodies.fi\/wp-content\/uploads\/2024\/09\/IMG_6539-768x320.jpg 768w\" sizes=\"auto, (max-width: 333px) 100vw, 333px\" \/><\/td><\/tr><tr><td><img loading=\"lazy\" decoding=\"async\" width=\"300\" height=\"430\" class=\"wp-image-188\" style=\"width: 300px;\" src=\"http:\/\/www.goodies.fi\/wp-content\/uploads\/2024\/09\/IMG_6538.jpg\" alt=\"\" srcset=\"http:\/\/www.goodies.fi\/wp-content\/uploads\/2024\/09\/IMG_6538.jpg 444w, http:\/\/www.goodies.fi\/wp-content\/uploads\/2024\/09\/IMG_6538-209x300.jpg 209w\" sizes=\"auto, (max-width: 300px) 100vw, 300px\" \/><br>N\u00e4ist\u00e4 on gyse&#8230;<\/td><td><\/td><\/tr><tr><td><img loading=\"lazy\" decoding=\"async\" width=\"333\" height=\"195\" class=\"wp-image-195\" style=\"width: 333px;\" src=\"http:\/\/www.goodies.fi\/wp-content\/uploads\/2024\/09\/IMG_6545.jpg\" alt=\"\" srcset=\"http:\/\/www.goodies.fi\/wp-content\/uploads\/2024\/09\/IMG_6545.jpg 444w, http:\/\/www.goodies.fi\/wp-content\/uploads\/2024\/09\/IMG_6545-300x176.jpg 300w\" sizes=\"auto, (max-width: 333px) 100vw, 333px\" \/><br>Viimeist\u00e4 v\u00e4yl\u00e4\u00e4 vied\u00e4\u00e4n<\/td><td><img loading=\"lazy\" decoding=\"async\" width=\"333\" height=\"246\" class=\"wp-image-196\" style=\"width: 333px;\" src=\"http:\/\/www.goodies.fi\/wp-content\/uploads\/2024\/09\/IMG_6549.jpg\" alt=\"\" srcset=\"http:\/\/www.goodies.fi\/wp-content\/uploads\/2024\/09\/IMG_6549.jpg 666w, http:\/\/www.goodies.fi\/wp-content\/uploads\/2024\/09\/IMG_6549-300x222.jpg 300w\" sizes=\"auto, (max-width: 333px) 100vw, 333px\" \/><br>Banketti ja lasgenta&#8230;<\/td><\/tr><tr><td><\/td><td><\/td><\/tr><tr><td><\/td><td><\/td><\/tr><\/tbody><\/table><\/figure>\n\n\n\n<p><\/p>\n\n\n\n<p><\/p>\n\n\n\n<figure class=\"wp-block-image size-full\"><a href=\"http:\/\/www.goodies.fi\/index.php\/glof-2024\/print\/\"><img loading=\"lazy\" decoding=\"async\" width=\"133\" height=\"110\" src=\"http:\/\/www.goodies.fi\/wp-content\/uploads\/2024\/05\/glof.jpg\" alt=\"\" class=\"wp-image-30\"\/><\/a><figcaption class=\"wp-element-caption\"><br><strong>Kortteliliigan <a href=\"https:\/\/www.kortteliliiga.net\/mailapelit\/lajit-golf.html\" data-type=\"link\" data-id=\"https:\/\/www.kortteliliiga.net\/mailapelit\/lajit-golf.html\">Mestaruusturnaus<\/a> su 4.8. Taggulassa, Mestari 18r<\/strong><br><br><strong>Geejoukkueessa: Punni, Gapa, VG, Seppo, Masu<\/strong>.   <strong>Privaattigisassa: Jyg\u00e4<\/strong><br><br>Henk koht<strong><a href=\"https:\/\/lg.nexgolf.fi\/lg\/golf\/competition?competitionId=ug\"> <\/a>gisa<a href=\"https:\/\/lg.nexgolf.fi\/lg\/golf\/competition?competitionId=ugr8t8\">n tulokset<\/a><\/strong><br><br>Joukkuekisa &#8230; <strong>oltiin 5. <\/strong><br>FBI\/Fepa j\u00e4i taakse 7.<br><\/figcaption><\/figure>\n\n\n\n<div data-wp-interactive=\"core\/file\" class=\"wp-block-file\"><object data-wp-bind--hidden=\"!state.hasPdfPreview\" hidden class=\"wp-block-file__embed\" data=\"https:\/\/www.goodies.fi\/wp-content\/uploads\/2024\/08\/Joukkuetulokset-4.8.2024-1.pdf\" type=\"application\/pdf\" style=\"width:100%;height:450px\" aria-label=\"Tiedoston Joukkuetulokset 4.8.2024 upotus.\"><\/object><a id=\"wp-block-file--media-688cbb9e-1ac7-4c03-9d9c-1426e9164692\" href=\"https:\/\/www.goodies.fi\/wp-content\/uploads\/2024\/08\/Joukkuetulokset-4.8.2024-1.pdf\">Joukkuetulokset 4.8.2024<\/a><a href=\"https:\/\/www.goodies.fi\/wp-content\/uploads\/2024\/08\/Joukkuetulokset-4.8.2024-1.pdf\" class=\"wp-block-file__button wp-element-button\" download aria-describedby=\"wp-block-file--media-688cbb9e-1ac7-4c03-9d9c-1426e9164692\">Lataa<\/a><\/div>\n\n\n\n<p>_____________________________________________________________<\/p>\n\n\n\n<figure class=\"wp-block-image size-large is-resized\"><img loading=\"lazy\" decoding=\"async\" width=\"1024\" height=\"356\" src=\"http:\/\/www.goodies.fi\/wp-content\/uploads\/2024\/08\/reikapelivalmis-1024x356.jpg\" alt=\"\" class=\"wp-image-177\" style=\"width:617px;height:auto\" srcset=\"http:\/\/www.goodies.fi\/wp-content\/uploads\/2024\/08\/reikapelivalmis-1024x356.jpg 1024w, http:\/\/www.goodies.fi\/wp-content\/uploads\/2024\/08\/reikapelivalmis-300x104.jpg 300w, http:\/\/www.goodies.fi\/wp-content\/uploads\/2024\/08\/reikapelivalmis-768x267.jpg 768w, http:\/\/www.goodies.fi\/wp-content\/uploads\/2024\/08\/reikapelivalmis.jpg 1282w\" sizes=\"auto, (max-width: 1024px) 100vw, 1024px\" \/><\/figure>\n\n\n\n<p><img loading=\"lazy\" decoding=\"async\" width=\"211\" height=\"281\" class=\"wp-image-178\" style=\"width: 211px;\" src=\"http:\/\/www.goodies.fi\/wp-content\/uploads\/2024\/08\/jyga.jpg\" alt=\"\" srcset=\"http:\/\/www.goodies.fi\/wp-content\/uploads\/2024\/08\/jyga.jpg 600w, http:\/\/www.goodies.fi\/wp-content\/uploads\/2024\/08\/jyga-225x300.jpg 225w\" sizes=\"auto, (max-width: 211px) 100vw, 211px\" \/> <img loading=\"lazy\" decoding=\"async\" width=\"300\" height=\"277\" class=\"wp-image-180\" style=\"width: 300px;\" src=\"http:\/\/www.goodies.fi\/wp-content\/uploads\/2024\/08\/reikapelipalkinto.jpg\" alt=\"\" srcset=\"http:\/\/www.goodies.fi\/wp-content\/uploads\/2024\/08\/reikapelipalkinto.jpg 800w, http:\/\/www.goodies.fi\/wp-content\/uploads\/2024\/08\/reikapelipalkinto-300x277.jpg 300w, http:\/\/www.goodies.fi\/wp-content\/uploads\/2024\/08\/reikapelipalkinto-768x708.jpg 768w\" sizes=\"auto, (max-width: 300px) 100vw, 300px\" \/><img loading=\"lazy\" decoding=\"async\" width=\"400\" height=\"300\" class=\"wp-image-179\" style=\"width: 400px;\" src=\"http:\/\/www.goodies.fi\/wp-content\/uploads\/2024\/08\/pelaajatreika.jpg\" alt=\"\" srcset=\"http:\/\/www.goodies.fi\/wp-content\/uploads\/2024\/08\/pelaajatreika.jpg 600w, http:\/\/www.goodies.fi\/wp-content\/uploads\/2024\/08\/pelaajatreika-300x225.jpg 300w\" sizes=\"auto, (max-width: 400px) 100vw, 400px\" \/><br><em>Oikeanpuoleinen haara:<\/em><br>Gapa-Masu Tahkolla: tasan 18 j\u00e4lkeen&#8230;jatgoreij\u00e4ll\u00e4 <strong>Masu<\/strong> voitti<br>Ila-Tero 1.7. Mestari : <strong>VG <\/strong>voitti<br>Punni-Japu 3.7. Kis\u00e4llix2: <strong>Japu<\/strong> voitti jatkoreij\u00e4ll\u00e4 <br>Tero &#8211; <strong>Masu<\/strong> 1\/2<br>Semifinaali: Japu &#8211; <strong>Masu<\/strong><br><br><em>Vasemmanpuoleinen haara:<\/em><br>Vesgu-V\u00e4isgi: <strong>Vesgu<\/strong> voitti<br>Pena &#8211; Jyg\u00e4: <strong>Jyg\u00e4<\/strong> voitti<br>Seppo-Jyg\u00e4: <strong>Jyg\u00e4<\/strong> voitti<br>Semifinaali: Jyg\u00e4 &#8211; Vesgu: Tasan 18 j\u00e4lkeen. Uusinta Messil\u00e4ss\u00e4 &gt;<strong>Jyg\u00e4<\/strong> voitti<br><br><strong>Finaali:<\/strong> <strong>Jyg\u00e4<\/strong> &#8211; Masu 4\/2<br><strong>Pronssimatsi:<\/strong> <strong>Vesgu<\/strong> &#8211; Japu 6\/5<br><br><\/p>\n\n\n\n<figure class=\"wp-block-image size-full is-resized\"><img loading=\"lazy\" decoding=\"async\" width=\"600\" height=\"641\" src=\"https:\/\/www.goodies.fi\/wp-content\/uploads\/2024\/06\/tahgo24-2.jpg\" alt=\"\" class=\"wp-image-103\" style=\"width:572px;height:auto\" srcset=\"http:\/\/www.goodies.fi\/wp-content\/uploads\/2024\/06\/tahgo24-2.jpg 600w, http:\/\/www.goodies.fi\/wp-content\/uploads\/2024\/06\/tahgo24-2-281x300.jpg 281w\" sizes=\"auto, (max-width: 600px) 100vw, 600px\" \/><\/figure>\n\n\n\n<p>Tahgolla pelattiin 3&#215;18<br><br>1. p\u00e4iv\u00e4 Old: Pistebogey voittaja Jyg\u00e4<br>l\u00e4himm\u00e4s lippua Jylpy<br><br>2. p\u00e4iv\u00e4 Forestlake: Pistebogey voittaja Jyg\u00e4<br>l\u00e4himm\u00e4s lippua Punni<br><br>3. p\u00e4iv\u00e4 Old: Pistebogey voittaja Masu (49bp)<br>l\u00e4himm\u00e4s lippua Hartsa<br><br>Muuta: Puuropalginto Seppo, paita<br> Jyg\u00e4 &#8221;yleisj\u00e4rjestelyt&#8221; Glof-lippis<br>Masu (l\u00e4himm\u00e4s Jallua)<\/p>\n","protected":false},"excerpt":{"rendered":"<p>GOODIES GLOFMESTARUUSGISAT Taggula Mestari 18r su 8.9. T\u00e4ss\u00e4 vaiheessa viel\u00e4 auringo paistoi gaikille&#8230; &#8230;Gisan j\u00e4lkeen paistoi ainaGin mestareille!Ly\u00f6ntipeli skr\u00e4ts Tero 87Jylpy 88Jyg\u00e4 89Gapa 92Vesku 93Ila 94Punni 95V\u00e4iski 96Hartsa 99Pena 100Masu 118Japu 122Eero 134Seppo ei tulosta Pistebogey Jylpy 37Vesku 36Pena 35Gapa 33V\u00e4iski 31 &amp; Jyg\u00e4 31Tero 29 &amp; Ila 29 &amp; Masu 29Punni 28Japu 26Hartsa 25Seppo [&hellip;]<\/p>\n","protected":false},"author":1,"featured_media":0,"parent":0,"menu_order":0,"comment_status":"closed","ping_status":"closed","template":"","meta":{"footnotes":""},"class_list":["post-27","page","type-page","status-publish","hentry"],"_links":{"self":[{"href":"http:\/\/www.goodies.fi\/index.php\/wp-json\/wp\/v2\/pages\/27","targetHints":{"allow":["GET"]}}],"collection":[{"href":"http:\/\/www.goodies.fi\/index.php\/wp-json\/wp\/v2\/pages"}],"about":[{"href":"http:\/\/www.goodies.fi\/index.php\/wp-json\/wp\/v2\/types\/page"}],"author":[{"embeddable":true,"href":"http:\/\/www.goodies.fi\/index.php\/wp-json\/wp\/v2\/users\/1"}],"replies":[{"embeddable":true,"href":"http:\/\/www.goodies.fi\/index.php\/wp-json\/wp\/v2\/comments?post=27"}],"version-history":[{"count":44,"href":"http:\/\/www.goodies.fi\/index.php\/wp-json\/wp\/v2\/pages\/27\/revisions"}],"predecessor-version":[{"id":214,"href":"http:\/\/www.goodies.fi\/index.php\/wp-json\/wp\/v2\/pages\/27\/revisions\/214"}],"wp:attachment":[{"href":"http:\/\/www.goodies.fi\/index.php\/wp-json\/wp\/v2\/media?parent=27"}],"curies":[{"name":"wp","href":"https:\/\/api.w.org\/{rel}","templated":true}]}}