{"id":232,"date":"2024-10-08T10:09:56","date_gmt":"2024-10-08T10:09:56","guid":{"rendered":"https:\/\/www.goodies.fi\/?page_id=232"},"modified":"2024-12-20T10:42:08","modified_gmt":"2024-12-20T10:42:08","slug":"gaato-gee-24-25","status":"publish","type":"page","link":"https:\/\/www.goodies.fi\/index.php\/gaato-gee-24-25\/","title":{"rendered":"Gaato Gee 24-25"},"content":{"rendered":"\n<p><br><img loading=\"lazy\" decoding=\"async\" width=\"133\" height=\"112\" class=\"wp-image-57\" style=\"width: 133px;\" src=\"http:\/\/www.goodies.fi\/wp-content\/uploads\/2024\/05\/gaatoperus-e1716384076827.jpg\" alt=\"\"><br>JouluGrande 19.12.24 ja samalla syygauden p\u00e4\u00e4t\u00f6s.<br><strong>Syysgrandemestariksi tygitti j\u00e4lleen Margus!<\/strong><br>5 sarjaa 925p<br><sub><em>(guva joulukuu 2023)<\/em><\/sub><br><img loading=\"lazy\" decoding=\"async\" width=\"333\" height=\"394\" class=\"wp-image-269\" style=\"width: 333px;\" src=\"http:\/\/www.goodies.fi\/wp-content\/uploads\/2024\/12\/IMG_3106.jpg\" alt=\"\" srcset=\"https:\/\/www.goodies.fi\/wp-content\/uploads\/2024\/12\/IMG_3106.jpg 1671w, https:\/\/www.goodies.fi\/wp-content\/uploads\/2024\/12\/IMG_3106-253x300.jpg 253w, https:\/\/www.goodies.fi\/wp-content\/uploads\/2024\/12\/IMG_3106-865x1024.jpg 865w, https:\/\/www.goodies.fi\/wp-content\/uploads\/2024\/12\/IMG_3106-768x910.jpg 768w, https:\/\/www.goodies.fi\/wp-content\/uploads\/2024\/12\/IMG_3106-1297x1536.jpg 1297w\" sizes=\"auto, (max-width: 333px) 100vw, 333px\" \/><br><br><img loading=\"lazy\" decoding=\"async\" width=\"555\" height=\"275\" class=\"wp-image-270\" style=\"width: 555px;\" src=\"http:\/\/www.goodies.fi\/wp-content\/uploads\/2024\/12\/joulugrande24.jpg\" alt=\"\" srcset=\"https:\/\/www.goodies.fi\/wp-content\/uploads\/2024\/12\/joulugrande24.jpg 1477w, https:\/\/www.goodies.fi\/wp-content\/uploads\/2024\/12\/joulugrande24-300x148.jpg 300w, https:\/\/www.goodies.fi\/wp-content\/uploads\/2024\/12\/joulugrande24-1024x507.jpg 1024w, https:\/\/www.goodies.fi\/wp-content\/uploads\/2024\/12\/joulugrande24-768x380.jpg 768w\" sizes=\"auto, (max-width: 555px) 100vw, 555px\" \/><br><sub><em>poissa Ila ja Masu<\/em><\/sub><br><br>&#8212;&#8212;&#8212;&#8212;&#8212;-<br><strong>GoGo Exelsarjan tilanne jouluun menness\u00e4:<\/strong><br><img loading=\"lazy\" decoding=\"async\" width=\"222\" height=\"151\" class=\"wp-image-10\" style=\"width: 222px;\" src=\"http:\/\/www.goodies.fi\/wp-content\/uploads\/2024\/05\/IMG_1072-e1716377239469.png\" alt=\"\"><br>Syysmestari 2024 (Herbstmeister) <strong>JYG\u00c4<\/strong> ! <br><sub><em>Guingahan gev\u00e4h\u00e4ll\u00e4&#8230;?<\/em><\/sub><br><img decoding=\"async\" class=\"wp-image-271\" style=\"width: 777px;\" src=\"http:\/\/www.goodies.fi\/wp-content\/uploads\/2024\/12\/G-Rank_25_1219.pdf\" alt=\"\"><br><img decoding=\"async\" class=\"wp-image-272\" style=\"width: NaNpx;\" src=\"http:\/\/www.goodies.fi\/wp-content\/uploads\/2024\/12\/G-Rank_25_1219-vedetty.pdf\" alt=\"\"><br><img decoding=\"async\" class=\"wp-image-273\" style=\"width: NaNpx;\" src=\"http:\/\/www.goodies.fi\/wp-content\/uploads\/2024\/12\/G-Rank_25_1219-vedetty-2.pdf\" alt=\"\"><\/p>\n\n\n\n<p><\/p>\n","protected":false},"excerpt":{"rendered":"<p>JouluGrande 19.12.24 ja samalla syygauden p\u00e4\u00e4t\u00f6s.Syysgrandemestariksi tygitti j\u00e4lleen Margus!5 sarjaa 925p(guva joulukuu 2023) poissa Ila ja Masu &#8212;&#8212;&#8212;&#8212;&#8212;-GoGo Exelsarjan tilanne jouluun menness\u00e4:Syysmestari 2024 (Herbstmeister) JYG\u00c4 ! Guingahan gev\u00e4h\u00e4ll\u00e4&#8230;?<\/p>\n","protected":false},"author":1,"featured_media":0,"parent":0,"menu_order":0,"comment_status":"closed","ping_status":"closed","template":"","meta":{"footnotes":""},"class_list":["post-232","page","type-page","status-publish","hentry"],"_links":{"self":[{"href":"https:\/\/www.goodies.fi\/index.php\/wp-json\/wp\/v2\/pages\/232","targetHints":{"allow":["GET"]}}],"collection":[{"href":"https:\/\/www.goodies.fi\/index.php\/wp-json\/wp\/v2\/pages"}],"about":[{"href":"https:\/\/www.goodies.fi\/index.php\/wp-json\/wp\/v2\/types\/page"}],"author":[{"embeddable":true,"href":"https:\/\/www.goodies.fi\/index.php\/wp-json\/wp\/v2\/users\/1"}],"replies":[{"embeddable":true,"href":"https:\/\/www.goodies.fi\/index.php\/wp-json\/wp\/v2\/comments?post=232"}],"version-history":[{"count":5,"href":"https:\/\/www.goodies.fi\/index.php\/wp-json\/wp\/v2\/pages\/232\/revisions"}],"predecessor-version":[{"id":276,"href":"https:\/\/www.goodies.fi\/index.php\/wp-json\/wp\/v2\/pages\/232\/revisions\/276"}],"wp:attachment":[{"href":"https:\/\/www.goodies.fi\/index.php\/wp-json\/wp\/v2\/media?parent=232"}],"curies":[{"name":"wp","href":"https:\/\/api.w.org\/{rel}","templated":true}]}}